{"id":628,"date":"2023-03-31T18:00:27","date_gmt":"2023-03-31T18:00:27","guid":{"rendered":"https:\/\/sota2022.kongres.event.miross.rs\/?page_id=628"},"modified":"2023-03-31T18:49:14","modified_gmt":"2023-03-31T18:49:14","slug":"obavestenje-o-akreditaciji","status":"publish","type":"page","link":"https:\/\/sota2022.kongres.event.miross.rs\/en\/obavestenje-o-akreditaciji\/","title":{"rendered":"NOTICE OF ACCREDITATION"},"content":{"rendered":"<div data-elementor-type=\"wp-page\" data-elementor-id=\"628\" class=\"elementor elementor-628\">\n\t\t\t\t\t\t<section class=\"elementor-section elementor-top-section elementor-element elementor-element-f547fba elementor-section-boxed elementor-section-height-default elementor-section-height-default\" data-id=\"f547fba\" data-element_type=\"section\" data-settings=\"{&quot;_ha_eqh_enable&quot;:false}\">\n\t\t\t\t\t\t<div class=\"elementor-container elementor-column-gap-default\">\n\t\t\t\t\t<div class=\"elementor-column elementor-col-100 elementor-top-column elementor-element elementor-element-37e1f2e\" data-id=\"37e1f2e\" data-element_type=\"column\">\n\t\t\t<div class=\"elementor-widget-wrap\">\n\t\t\t\t\t\t\t<\/div>\n\t\t<\/div>\n\t\t\t\t\t<\/div>\n\t\t<\/section>\n\t\t\t\t<section class=\"elementor-section elementor-top-section elementor-element elementor-element-37187444 elementor-hidden-tablet elementor-hidden-mobile elementor-section-boxed elementor-section-height-default elementor-section-height-default\" data-id=\"37187444\" data-element_type=\"section\" data-settings=\"{&quot;background_background&quot;:&quot;classic&quot;,&quot;_ha_eqh_enable&quot;:false}\">\n\t\t\t\t\t\t<div class=\"elementor-container elementor-column-gap-default\">\n\t\t\t\t\t<div class=\"elementor-column elementor-col-100 elementor-top-column elementor-element elementor-element-47301045\" data-id=\"47301045\" data-element_type=\"column\" data-settings=\"{&quot;background_background&quot;:&quot;classic&quot;}\">\n\t\t\t<div class=\"elementor-widget-wrap elementor-element-populated\">\n\t\t\t\t\t\t<section class=\"elementor-section elementor-top-section elementor-element elementor-element-18ec6ff0 elementor-section-content-middle elementor-section-boxed elementor-section-height-default elementor-section-height-default\" data-id=\"18ec6ff0\" data-element_type=\"section\" data-settings=\"{&quot;_ha_eqh_enable&quot;:false}\">\n\t\t\t\t\t\t<div class=\"elementor-container elementor-column-gap-default\">\n\t\t\t\t\t<div class=\"elementor-column elementor-col-50 elementor-top-column elementor-element elementor-element-696e8f2d\" data-id=\"696e8f2d\" data-element_type=\"column\">\n\t\t\t<div class=\"elementor-widget-wrap elementor-element-populated\">\n\t\t\t\t\t\t<div class=\"elementor-element elementor-element-c2d9e38 elementor-widget elementor-widget-text-editor\" data-id=\"c2d9e38\" data-element_type=\"widget\" data-widget_type=\"text-editor.default\">\n\t\t\t\t<div class=\"elementor-widget-container\">\n\t\t\t<style>\/*! elementor - v3.20.0 - 13-03-2024 *\/\n.elementor-widget-text-editor.elementor-drop-cap-view-stacked .elementor-drop-cap{background-color:#69727d;color:#fff}.elementor-widget-text-editor.elementor-drop-cap-view-framed .elementor-drop-cap{color:#69727d;border:3px solid;background-color:transparent}.elementor-widget-text-editor:not(.elementor-drop-cap-view-default) .elementor-drop-cap{margin-top:8px}.elementor-widget-text-editor:not(.elementor-drop-cap-view-default) .elementor-drop-cap-letter{width:1em;height:1em}.elementor-widget-text-editor .elementor-drop-cap{float:left;text-align:center;line-height:1;font-size:50px}.elementor-widget-text-editor .elementor-drop-cap-letter{display:inline-block}<\/style>\t\t\t\t<p class=\"western\" lang=\"bs-BA\" align=\"justify\">Po\u0161tovane kolege,<\/p>\t\t\t\t\t\t<\/div>\n\t\t\t\t<\/div>\n\t\t\t\t<div class=\"elementor-element elementor-element-eaddbd3 elementor-widget elementor-widget-text-editor\" data-id=\"eaddbd3\" data-element_type=\"widget\" data-widget_type=\"text-editor.default\">\n\t\t\t\t<div class=\"elementor-widget-container\">\n\t\t\t\t\t\t\t<p class=\"western\" lang=\"bs-BA\" align=\"justify\">Zdravstveni savet Srbije akreditovao je <span lang=\"en-US\">VII KONGRES SRPSKE ORTOPEDSKO TRAUMATOLO\u0160KE ASOCIJACIJE <\/span>pod akreditacionim brojem: \u0410-1-1615\/22.<\/p>\t\t\t\t\t\t<\/div>\n\t\t\t\t<\/div>\n\t\t\t\t<section class=\"elementor-section elementor-inner-section elementor-element elementor-element-5e30141 elementor-section-boxed elementor-section-height-default elementor-section-height-default\" data-id=\"5e30141\" data-element_type=\"section\" data-settings=\"{&quot;_ha_eqh_enable&quot;:false}\">\n\t\t\t\t\t\t<div class=\"elementor-container elementor-column-gap-default\">\n\t\t\t\t\t<div class=\"elementor-column elementor-col-50 elementor-inner-column elementor-element elementor-element-e9af5f7\" data-id=\"e9af5f7\" data-element_type=\"column\">\n\t\t\t<div class=\"elementor-widget-wrap elementor-element-populated\">\n\t\t\t\t\t\t<div class=\"elementor-element elementor-element-3d45cce elementor-widget elementor-widget-text-editor\" data-id=\"3d45cce\" data-element_type=\"widget\" data-widget_type=\"text-editor.default\">\n\t\t\t\t<div class=\"elementor-widget-container\">\n\t\t\t\t\t\t\t<p align=\"justify\"><span style=\"font-family: Liberation Serif, serif;\"><span style=\"font-size: medium;\"><span style=\"font-family: Times New Roman, serif;\"><span style=\"font-size: large;\">Kongres je akreditovan prema slede\u0107oj kategorizaciji:<\/span><\/span><\/span><\/span><\/p>\n<p align=\"justify\"><span style=\"font-family: Liberation Serif, serif;\"><span style=\"font-size: medium;\"><span style=\"font-family: Times New Roman, serif;\"><span style=\"font-size: large;\">Predava\u010di 15 bodova<br><\/span><\/span><\/span><\/span><span style=\"font-family: Liberation Serif, serif;\"><span style=\"font-size: medium;\"><span style=\"font-family: Times New Roman, serif;\"><span style=\"font-size: large;\">Pasivno u\u010de\u0161\u0107e 10 bodova<br><\/span><\/span><\/span><\/span><span style=\"font-family: Liberation Serif, serif;\"><span style=\"font-size: medium;\"><span style=\"font-family: Times New Roman, serif;\"><span style=\"font-size: large;\">Usmena prezetacija 13 bodova<br><\/span><\/span><\/span><\/span><span style=\"font-family: Liberation Serif, serif;\"><span style=\"font-size: medium;\"><span style=\"font-family: Times New Roman, serif;\"><span style=\"font-size: large;\">Poster prezentacija 11 bodova<br>Koautori usmene prezentacije i postera 0.5 bodova<\/span><\/span><\/span><\/span><\/p>\n<p>S po\u0161tovanjem,<\/p>\t\t\t\t\t\t<\/div>\n\t\t\t\t<\/div>\n\t\t\t\t\t<\/div>\n\t\t<\/div>\n\t\t\t\t<div class=\"elementor-column elementor-col-50 elementor-inner-column elementor-element elementor-element-e185ad8\" data-id=\"e185ad8\" data-element_type=\"column\">\n\t\t\t<div class=\"elementor-widget-wrap\">\n\t\t\t\t\t\t\t<\/div>\n\t\t<\/div>\n\t\t\t\t\t<\/div>\n\t\t<\/section>\n\t\t\t\t<div class=\"elementor-element elementor-element-1df890d elementor-widget elementor-widget-image\" data-id=\"1df890d\" data-element_type=\"widget\" data-widget_type=\"image.default\">\n\t\t\t\t<div class=\"elementor-widget-container\">\n\t\t\t<style>\/*! elementor - v3.20.0 - 13-03-2024 *\/\n.elementor-widget-image{text-align:center}.elementor-widget-image a{display:inline-block}.elementor-widget-image a img[src$=\".svg\"]{width:48px}.elementor-widget-image img{vertical-align:middle;display:inline-block}<\/style>\t\t\t\t\t\t\t\t\t\t<img width=\"300\" height=\"54\" src=\"https:\/\/sota2022.kongres.event.miross.rs\/wp-content\/uploads\/2023\/03\/potpis-300x54.jpg\" class=\"attachment-medium size-medium wp-image-631\" alt=\"\" srcset=\"https:\/\/sota2022.kongres.event.miross.rs\/wp-content\/uploads\/2023\/03\/potpis-300x54.jpg 300w, https:\/\/sota2022.kongres.event.miross.rs\/wp-content\/uploads\/2023\/03\/potpis-18x3.jpg 18w, https:\/\/sota2022.kongres.event.miross.rs\/wp-content\/uploads\/2023\/03\/potpis.jpg 672w\" sizes=\"(max-width: 300px) 100vw, 300px\" \/>\t\t\t\t\t\t\t\t\t\t\t\t\t<\/div>\n\t\t\t\t<\/div>\n\t\t\t\t<div class=\"elementor-element elementor-element-6524c2b elementor-widget elementor-widget-text-editor\" data-id=\"6524c2b\" data-element_type=\"widget\" data-widget_type=\"text-editor.default\">\n\t\t\t\t<div class=\"elementor-widget-container\">\n\t\t\t\t\t\t\t<p class=\"western\" lang=\"bs-BA\" align=\"justify\">Predsednik SOTA<br \/>Akademik Prof. Marko Bumba\u0161irevi\u0107<\/p>\t\t\t\t\t\t<\/div>\n\t\t\t\t<\/div>\n\t\t\t\t\t<\/div>\n\t\t<\/div>\n\t\t\t\t<div class=\"elementor-column elementor-col-50 elementor-top-column elementor-element elementor-element-6d74b4f6\" data-id=\"6d74b4f6\" data-element_type=\"column\">\n\t\t\t<div class=\"elementor-widget-wrap elementor-element-populated\">\n\t\t\t\t\t\t<div class=\"elementor-element elementor-element-90fc137 elementor-widget elementor-widget-image\" data-id=\"90fc137\" data-element_type=\"widget\" data-widget_type=\"image.default\">\n\t\t\t\t<div class=\"elementor-widget-container\">\n\t\t\t\t\t\t\t\t\t\t\t\t\t<img fetchpriority=\"high\" width=\"600\" height=\"314\" src=\"https:\/\/sota2022.kongres.event.miross.rs\/wp-content\/uploads\/2022\/07\/Sota-en-sr.png\" class=\"attachment-large size-large wp-image-203\" alt=\"\" srcset=\"https:\/\/sota2022.kongres.event.miross.rs\/wp-content\/uploads\/2022\/07\/Sota-en-sr.png 600w, https:\/\/sota2022.kongres.event.miross.rs\/wp-content\/uploads\/2022\/07\/Sota-en-sr-300x157.png 300w\" sizes=\"(max-width: 600px) 100vw, 600px\" \/>\t\t\t\t\t\t\t\t\t\t\t\t\t<\/div>\n\t\t\t\t<\/div>\n\t\t\t\t\t<\/div>\n\t\t<\/div>\n\t\t\t\t\t<\/div>\n\t\t<\/section>\n\t\t\t\t\t<\/div>\n\t\t<\/div>\n\t\t\t\t\t<\/div>\n\t\t<\/section>\n\t\t\t\t<section class=\"elementor-section elementor-top-section elementor-element elementor-element-cdb8ea5 elementor-hidden-desktop elementor-section-boxed elementor-section-height-default elementor-section-height-default\" data-id=\"cdb8ea5\" data-element_type=\"section\" data-settings=\"{&quot;background_background&quot;:&quot;classic&quot;,&quot;_ha_eqh_enable&quot;:false}\">\n\t\t\t\t\t\t<div class=\"elementor-container elementor-column-gap-default\">\n\t\t\t\t\t<div class=\"elementor-column elementor-col-100 elementor-top-column elementor-element elementor-element-d4d0057\" data-id=\"d4d0057\" data-element_type=\"column\" data-settings=\"{&quot;background_background&quot;:&quot;classic&quot;}\">\n\t\t\t<div class=\"elementor-widget-wrap elementor-element-populated\">\n\t\t\t\t\t\t<section class=\"elementor-section elementor-top-section elementor-element elementor-element-3133941 elementor-section-content-middle elementor-section-boxed elementor-section-height-default elementor-section-height-default\" data-id=\"3133941\" data-element_type=\"section\" data-settings=\"{&quot;_ha_eqh_enable&quot;:false}\">\n\t\t\t\t\t\t<div class=\"elementor-container elementor-column-gap-default\">\n\t\t\t\t\t<div class=\"elementor-column elementor-col-50 elementor-top-column elementor-element elementor-element-1d5de33\" data-id=\"1d5de33\" data-element_type=\"column\">\n\t\t\t<div class=\"elementor-widget-wrap elementor-element-populated\">\n\t\t\t\t\t\t<div class=\"elementor-element elementor-element-f6eb509 elementor-widget elementor-widget-text-editor\" data-id=\"f6eb509\" data-element_type=\"widget\" data-widget_type=\"text-editor.default\">\n\t\t\t\t<div class=\"elementor-widget-container\">\n\t\t\t\t\t\t\t<p class=\"western\" lang=\"bs-BA\" align=\"justify\">Po\u0161tovane kolege,<\/p>\t\t\t\t\t\t<\/div>\n\t\t\t\t<\/div>\n\t\t\t\t<div class=\"elementor-element elementor-element-455f648 elementor-widget elementor-widget-text-editor\" data-id=\"455f648\" data-element_type=\"widget\" data-widget_type=\"text-editor.default\">\n\t\t\t\t<div class=\"elementor-widget-container\">\n\t\t\t\t\t\t\t<p class=\"western\" lang=\"bs-BA\" align=\"justify\">Zdravstveni savet Srbije akreditovao je <span lang=\"en-US\">VII KONGRES SRPSKE ORTOPEDSKO TRAUMATOLO\u0160KE ASOCIJACIJE <\/span>pod akreditacionim brojem: \u0410-1-1615\/22.<\/p>\t\t\t\t\t\t<\/div>\n\t\t\t\t<\/div>\n\t\t\t\t<section class=\"elementor-section elementor-inner-section elementor-element elementor-element-8b16010 elementor-section-boxed elementor-section-height-default elementor-section-height-default\" data-id=\"8b16010\" data-element_type=\"section\" data-settings=\"{&quot;_ha_eqh_enable&quot;:false}\">\n\t\t\t\t\t\t<div class=\"elementor-container elementor-column-gap-default\">\n\t\t\t\t\t<div class=\"elementor-column elementor-col-50 elementor-inner-column elementor-element elementor-element-0acea60\" data-id=\"0acea60\" data-element_type=\"column\">\n\t\t\t<div class=\"elementor-widget-wrap elementor-element-populated\">\n\t\t\t\t\t\t<div class=\"elementor-element elementor-element-038b73a elementor-widget elementor-widget-text-editor\" data-id=\"038b73a\" data-element_type=\"widget\" data-widget_type=\"text-editor.default\">\n\t\t\t\t<div class=\"elementor-widget-container\">\n\t\t\t\t\t\t\t<p>Kongres je akreditovan prema slede\u0107oj kategorizaciji:<\/p><p>Predava\u010di 15 bodova<br \/>Pasivno u\u010de\u0161\u0107e 10 bodova<br \/>Usmena prezetacija 13 bodova<br \/>Poster prezentacija 11 bodova<br \/>Koautori usmene prezentacije i postera 0.5 bodova<br \/>S po\u0161tovanjem,<\/p>\t\t\t\t\t\t<\/div>\n\t\t\t\t<\/div>\n\t\t\t\t<div class=\"elementor-element elementor-element-a76c011 elementor-widget elementor-widget-image\" data-id=\"a76c011\" data-element_type=\"widget\" data-widget_type=\"image.default\">\n\t\t\t\t<div class=\"elementor-widget-container\">\n\t\t\t\t\t\t\t\t\t\t\t\t\t<img src=\"https:\/\/sota2022.kongres.event.miross.rs\/wp-content\/uploads\/2023\/03\/potpis.jpg\" title=\"potpis\" alt=\"potpis\" loading=\"lazy\" \/>\t\t\t\t\t\t\t\t\t\t\t\t\t<\/div>\n\t\t\t\t<\/div>\n\t\t\t\t\t<\/div>\n\t\t<\/div>\n\t\t\t\t<div class=\"elementor-column elementor-col-50 elementor-inner-column elementor-element elementor-element-26f25e5\" data-id=\"26f25e5\" data-element_type=\"column\">\n\t\t\t<div class=\"elementor-widget-wrap elementor-element-populated\">\n\t\t\t\t\t\t<div class=\"elementor-element elementor-element-fa93964 elementor-widget elementor-widget-text-editor\" data-id=\"fa93964\" data-element_type=\"widget\" data-widget_type=\"text-editor.default\">\n\t\t\t\t<div class=\"elementor-widget-container\">\n\t\t\t\t\t\t\t\t\t\t\t\t\t<\/div>\n\t\t\t\t<\/div>\n\t\t\t\t\t<\/div>\n\t\t<\/div>\n\t\t\t\t\t<\/div>\n\t\t<\/section>\n\t\t\t\t<div class=\"elementor-element elementor-element-2d20e2f elementor-widget elementor-widget-text-editor\" data-id=\"2d20e2f\" data-element_type=\"widget\" data-widget_type=\"text-editor.default\">\n\t\t\t\t<div class=\"elementor-widget-container\">\n\t\t\t\t\t\t\t<p class=\"western\" lang=\"bs-BA\" align=\"justify\">Predsednik SOTA<br \/>Akademik Prof. Marko Bumba\u0161irevi\u0107<\/p>\t\t\t\t\t\t<\/div>\n\t\t\t\t<\/div>\n\t\t\t\t\t<\/div>\n\t\t<\/div>\n\t\t\t\t<div class=\"elementor-column elementor-col-50 elementor-top-column elementor-element elementor-element-396d11a\" data-id=\"396d11a\" data-element_type=\"column\">\n\t\t\t<div class=\"elementor-widget-wrap elementor-element-populated\">\n\t\t\t\t\t\t<div class=\"elementor-element elementor-element-866f0e1 elementor-widget elementor-widget-image\" data-id=\"866f0e1\" data-element_type=\"widget\" data-widget_type=\"image.default\">\n\t\t\t\t<div class=\"elementor-widget-container\">\n\t\t\t\t\t\t\t\t\t\t\t\t\t<img fetchpriority=\"high\" width=\"600\" height=\"314\" src=\"https:\/\/sota2022.kongres.event.miross.rs\/wp-content\/uploads\/2022\/07\/Sota-en-sr.png\" class=\"attachment-large size-large wp-image-203\" alt=\"\" srcset=\"https:\/\/sota2022.kongres.event.miross.rs\/wp-content\/uploads\/2022\/07\/Sota-en-sr.png 600w, https:\/\/sota2022.kongres.event.miross.rs\/wp-content\/uploads\/2022\/07\/Sota-en-sr-300x157.png 300w\" sizes=\"(max-width: 600px) 100vw, 600px\" \/>\t\t\t\t\t\t\t\t\t\t\t\t\t<\/div>\n\t\t\t\t<\/div>\n\t\t\t\t\t<\/div>\n\t\t<\/div>\n\t\t\t\t\t<\/div>\n\t\t<\/section>\n\t\t\t\t\t<\/div>\n\t\t<\/div>\n\t\t\t\t\t<\/div>\n\t\t<\/section>\n\t\t\t\t<section class=\"elementor-section elementor-top-section elementor-element elementor-element-4196975 elementor-section-boxed elementor-section-height-default elementor-section-height-default\" data-id=\"4196975\" data-element_type=\"section\" data-settings=\"{&quot;background_background&quot;:&quot;classic&quot;,&quot;_ha_eqh_enable&quot;:false}\">\n\t\t\t\t\t\t<div class=\"elementor-container elementor-column-gap-default\">\n\t\t\t\t\t<div class=\"elementor-column elementor-col-100 elementor-top-column elementor-element elementor-element-723b143\" data-id=\"723b143\" data-element_type=\"column\">\n\t\t\t<div class=\"elementor-widget-wrap elementor-element-populated\">\n\t\t\t\t\t\t<div class=\"elementor-element elementor-element-3cee31a elementor-widget elementor-widget-spacer\" data-id=\"3cee31a\" data-element_type=\"widget\" data-widget_type=\"spacer.default\">\n\t\t\t\t<div class=\"elementor-widget-container\">\n\t\t\t<style>\/*! elementor - v3.20.0 - 13-03-2024 *\/\n.elementor-column .elementor-spacer-inner{height:var(--spacer-size)}.e-con{--container-widget-width:100%}.e-con-inner>.elementor-widget-spacer,.e-con>.elementor-widget-spacer{width:var(--container-widget-width,var(--spacer-size));--align-self:var(--container-widget-align-self,initial);--flex-shrink:0}.e-con-inner>.elementor-widget-spacer>.elementor-widget-container,.e-con>.elementor-widget-spacer>.elementor-widget-container{height:100%;width:100%}.e-con-inner>.elementor-widget-spacer>.elementor-widget-container>.elementor-spacer,.e-con>.elementor-widget-spacer>.elementor-widget-container>.elementor-spacer{height:100%}.e-con-inner>.elementor-widget-spacer>.elementor-widget-container>.elementor-spacer>.elementor-spacer-inner,.e-con>.elementor-widget-spacer>.elementor-widget-container>.elementor-spacer>.elementor-spacer-inner{height:var(--container-widget-height,var(--spacer-size))}.e-con-inner>.elementor-widget-spacer.elementor-widget-empty,.e-con>.elementor-widget-spacer.elementor-widget-empty{position:relative;min-height:22px;min-width:22px}.e-con-inner>.elementor-widget-spacer.elementor-widget-empty .elementor-widget-empty-icon,.e-con>.elementor-widget-spacer.elementor-widget-empty .elementor-widget-empty-icon{position:absolute;top:0;bottom:0;left:0;right:0;margin:auto;padding:0;width:22px;height:22px}<\/style>\t\t<div class=\"elementor-spacer\">\n\t\t\t<div class=\"elementor-spacer-inner\"><\/div>\n\t\t<\/div>\n\t\t\t\t<\/div>\n\t\t\t\t<\/div>\n\t\t\t\t\t<\/div>\n\t\t<\/div>\n\t\t\t\t\t<\/div>\n\t\t<\/section>\n\t\t\t\t<\/div>","protected":false},"excerpt":{"rendered":"<p>Po\u0161tovane kolege, Zdravstveni savet Srbije akreditovao je VII KONGRES SRPSKE ORTOPEDSKO TRAUMATOLO\u0160KE ASOCIJACIJE pod akreditacionim brojem: \u0410-1-1615\/22. Kongres je akreditovan prema slede\u0107oj kategorizaciji: Predava\u010di 15 bodovaPasivno u\u010de\u0161\u0107e 10 bodovaUsmena prezetacija 13 bodovaPoster prezentacija 11 bodovaKoautori usmene prezentacije i postera 0.5 bodova S po\u0161tovanjem, Predsednik SOTAAkademik Prof. Marko Bumba\u0161irevi\u0107 Po\u0161tovane kolege, Zdravstveni savet Srbije akreditovao je [&hellip;]<\/p>","protected":false},"author":1,"featured_media":0,"parent":0,"menu_order":0,"comment_status":"closed","ping_status":"closed","template":"elementor_canvas","meta":[],"_links":{"self":[{"href":"https:\/\/sota2022.kongres.event.miross.rs\/en\/wp-json\/wp\/v2\/pages\/628"}],"collection":[{"href":"https:\/\/sota2022.kongres.event.miross.rs\/en\/wp-json\/wp\/v2\/pages"}],"about":[{"href":"https:\/\/sota2022.kongres.event.miross.rs\/en\/wp-json\/wp\/v2\/types\/page"}],"author":[{"embeddable":true,"href":"https:\/\/sota2022.kongres.event.miross.rs\/en\/wp-json\/wp\/v2\/users\/1"}],"replies":[{"embeddable":true,"href":"https:\/\/sota2022.kongres.event.miross.rs\/en\/wp-json\/wp\/v2\/comments?post=628"}],"version-history":[{"count":58,"href":"https:\/\/sota2022.kongres.event.miross.rs\/en\/wp-json\/wp\/v2\/pages\/628\/revisions"}],"predecessor-version":[{"id":716,"href":"https:\/\/sota2022.kongres.event.miross.rs\/en\/wp-json\/wp\/v2\/pages\/628\/revisions\/716"}],"wp:attachment":[{"href":"https:\/\/sota2022.kongres.event.miross.rs\/en\/wp-json\/wp\/v2\/media?parent=628"}],"curies":[{"name":"wp","href":"https:\/\/api.w.org\/{rel}","templated":true}]}}